{"id":225,"date":"2022-11-11T15:15:22","date_gmt":"2022-11-11T15:15:22","guid":{"rendered":"https:\/\/stuntmanshow.com\/?page_id=225"},"modified":"2022-11-19T11:33:26","modified_gmt":"2022-11-19T11:33:26","slug":"lultimo-pan-night-show","status":"publish","type":"page","link":"https:\/\/stuntmanshow.com\/it\/lultimo-pan-night-show\/","title":{"rendered":"L\u2019ULTIMO PAN &#8211; NIGHT SHOW"},"content":{"rendered":"<div data-elementor-type=\"wp-page\" data-elementor-id=\"225\" class=\"elementor elementor-225\">\n\t\t\t\t\t\t\t\t\t<section class=\"elementor-section elementor-top-section elementor-element elementor-element-a82a2aa elementor-section-boxed elementor-section-height-default elementor-section-height-default\" data-id=\"a82a2aa\" data-element_type=\"section\" data-settings=\"{&quot;background_background&quot;:&quot;classic&quot;}\">\n\t\t\t\t\t\t<div class=\"elementor-container elementor-column-gap-default\">\n\t\t\t\t\t<div class=\"elementor-column elementor-col-100 elementor-top-column elementor-element elementor-element-a09a1fb\" data-id=\"a09a1fb\" data-element_type=\"column\">\n\t\t\t<div class=\"elementor-widget-wrap elementor-element-populated\">\n\t\t\t\t\t\t\t\t<div class=\"elementor-element elementor-element-bd0efb6 elementor-widget elementor-widget-spacer\" data-id=\"bd0efb6\" data-element_type=\"widget\" data-widget_type=\"spacer.default\">\n\t\t\t\t<div class=\"elementor-widget-container\">\n\t\t\t<style>\/*! elementor - v3.12.1 - 02-04-2023 *\/\n.elementor-column .elementor-spacer-inner{height:var(--spacer-size)}.e-con{--container-widget-width:100%}.e-con-inner>.elementor-widget-spacer,.e-con>.elementor-widget-spacer{width:var(--container-widget-width,var(--spacer-size));--align-self:var(--container-widget-align-self,initial);--flex-shrink:0}.e-con-inner>.elementor-widget-spacer>.elementor-widget-container,.e-con-inner>.elementor-widget-spacer>.elementor-widget-container>.elementor-spacer,.e-con>.elementor-widget-spacer>.elementor-widget-container,.e-con>.elementor-widget-spacer>.elementor-widget-container>.elementor-spacer{height:100%}.e-con-inner>.elementor-widget-spacer>.elementor-widget-container>.elementor-spacer>.elementor-spacer-inner,.e-con>.elementor-widget-spacer>.elementor-widget-container>.elementor-spacer>.elementor-spacer-inner{height:var(--container-widget-height,var(--spacer-size))}<\/style>\t\t<div class=\"elementor-spacer\">\n\t\t\t<div class=\"elementor-spacer-inner\"><\/div>\n\t\t<\/div>\n\t\t\t\t<\/div>\n\t\t\t\t<\/div>\n\t\t\t\t<section class=\"elementor-section elementor-inner-section elementor-element elementor-element-1bf4a00 elementor-section-boxed elementor-section-height-default elementor-section-height-default\" data-id=\"1bf4a00\" data-element_type=\"section\">\n\t\t\t\t\t\t<div class=\"elementor-container elementor-column-gap-default\">\n\t\t\t\t\t<div class=\"elementor-column elementor-col-100 elementor-inner-column elementor-element elementor-element-3fbddb3\" data-id=\"3fbddb3\" data-element_type=\"column\">\n\t\t\t<div class=\"elementor-widget-wrap elementor-element-populated\">\n\t\t\t\t\t\t\t\t<div class=\"elementor-element elementor-element-367bce2 elementor-widget elementor-widget-heading\" data-id=\"367bce2\" data-element_type=\"widget\" data-widget_type=\"heading.default\">\n\t\t\t\t<div class=\"elementor-widget-container\">\n\t\t\t<style>\/*! elementor - v3.12.1 - 02-04-2023 *\/\n.elementor-heading-title{padding:0;margin:0;line-height:1}.elementor-widget-heading .elementor-heading-title[class*=elementor-size-]>a{color:inherit;font-size:inherit;line-height:inherit}.elementor-widget-heading .elementor-heading-title.elementor-size-small{font-size:15px}.elementor-widget-heading .elementor-heading-title.elementor-size-medium{font-size:19px}.elementor-widget-heading .elementor-heading-title.elementor-size-large{font-size:29px}.elementor-widget-heading .elementor-heading-title.elementor-size-xl{font-size:39px}.elementor-widget-heading .elementor-heading-title.elementor-size-xxl{font-size:59px}<\/style><h1 class=\"elementor-heading-title elementor-size-default\">L\u2019ULTIMO PAN - NIGHT SHOW<\/h1>\t\t<\/div>\n\t\t\t\t<\/div>\n\t\t\t\t\t<\/div>\n\t\t<\/div>\n\t\t\t\t\t\t\t<\/div>\n\t\t<\/section>\n\t\t\t\t<div class=\"elementor-element elementor-element-17ffe23 elementor-widget elementor-widget-spacer\" data-id=\"17ffe23\" data-element_type=\"widget\" data-widget_type=\"spacer.default\">\n\t\t\t\t<div class=\"elementor-widget-container\">\n\t\t\t\t\t<div class=\"elementor-spacer\">\n\t\t\t<div class=\"elementor-spacer-inner\"><\/div>\n\t\t<\/div>\n\t\t\t\t<\/div>\n\t\t\t\t<\/div>\n\t\t\t\t\t<\/div>\n\t\t<\/div>\n\t\t\t\t\t\t\t<\/div>\n\t\t<\/section>\n\t\t\t\t<section class=\"elementor-section elementor-top-section elementor-element elementor-element-8e24491 elementor-section-boxed elementor-section-height-default elementor-section-height-default\" data-id=\"8e24491\" data-element_type=\"section\" data-settings=\"{&quot;background_background&quot;:&quot;classic&quot;}\">\n\t\t\t\t\t\t<div class=\"elementor-container elementor-column-gap-default\">\n\t\t\t\t\t<div class=\"elementor-column elementor-col-100 elementor-top-column elementor-element elementor-element-16b7298\" data-id=\"16b7298\" data-element_type=\"column\">\n\t\t\t<div class=\"elementor-widget-wrap elementor-element-populated\">\n\t\t\t\t\t\t\t\t<section class=\"elementor-section elementor-inner-section elementor-element elementor-element-2a7f07f elementor-section-content-middle elementor-section-boxed elementor-section-height-default elementor-section-height-default\" data-id=\"2a7f07f\" data-element_type=\"section\">\n\t\t\t\t\t\t<div class=\"elementor-container elementor-column-gap-extended\">\n\t\t\t\t\t<div class=\"elementor-column elementor-col-50 elementor-inner-column elementor-element elementor-element-f72b8a3\" data-id=\"f72b8a3\" data-element_type=\"column\">\n\t\t\t<div class=\"elementor-widget-wrap elementor-element-populated\">\n\t\t\t\t\t\t\t\t<div class=\"elementor-element elementor-element-b3187ad elementor-widget elementor-widget-image\" data-id=\"b3187ad\" data-element_type=\"widget\" data-widget_type=\"image.default\">\n\t\t\t\t<div class=\"elementor-widget-container\">\n\t\t\t<style>\/*! elementor - v3.12.1 - 02-04-2023 *\/\n.elementor-widget-image{text-align:center}.elementor-widget-image a{display:inline-block}.elementor-widget-image a img[src$=\".svg\"]{width:48px}.elementor-widget-image img{vertical-align:middle;display:inline-block}<\/style>\t\t\t\t\t\t\t\t\t\t\t\t<img loading=\"lazy\" decoding=\"async\" width=\"732\" height=\"1024\" src=\"https:\/\/stuntmanshow.com\/wp-content\/uploads\/2022\/11\/MANIFESTO-LULTIMO-PAN_11zon-732x1024.jpg\" class=\"attachment-large size-large wp-image-931\" alt=\"\" srcset=\"https:\/\/stuntmanshow.com\/wp-content\/uploads\/2022\/11\/MANIFESTO-LULTIMO-PAN_11zon-732x1024.jpg 732w, https:\/\/stuntmanshow.com\/wp-content\/uploads\/2022\/11\/MANIFESTO-LULTIMO-PAN_11zon-214x300.jpg 214w, https:\/\/stuntmanshow.com\/wp-content\/uploads\/2022\/11\/MANIFESTO-LULTIMO-PAN_11zon-768x1075.jpg 768w, https:\/\/stuntmanshow.com\/wp-content\/uploads\/2022\/11\/MANIFESTO-LULTIMO-PAN_11zon-1097x1536.jpg 1097w, https:\/\/stuntmanshow.com\/wp-content\/uploads\/2022\/11\/MANIFESTO-LULTIMO-PAN_11zon-9x12.jpg 9w, https:\/\/stuntmanshow.com\/wp-content\/uploads\/2022\/11\/MANIFESTO-LULTIMO-PAN_11zon.jpg 1429w\" sizes=\"auto, (max-width: 732px) 100vw, 732px\" \/>\t\t\t\t\t\t\t\t\t\t\t\t\t\t\t<\/div>\n\t\t\t\t<\/div>\n\t\t\t\t\t<\/div>\n\t\t<\/div>\n\t\t\t\t<div class=\"elementor-column elementor-col-50 elementor-inner-column elementor-element elementor-element-0412de8\" data-id=\"0412de8\" data-element_type=\"column\">\n\t\t\t<div class=\"elementor-widget-wrap elementor-element-populated\">\n\t\t\t\t\t\t\t\t<div class=\"elementor-element elementor-element-4f3307f elementor-widget elementor-widget-heading\" data-id=\"4f3307f\" data-element_type=\"widget\" data-widget_type=\"heading.default\">\n\t\t\t\t<div class=\"elementor-widget-container\">\n\t\t\t<h3 class=\"elementor-heading-title elementor-size-default\">L\u2019ULTIMO PAN - NIGHT SHOW<\/h3>\t\t<\/div>\n\t\t\t\t<\/div>\n\t\t\t\t<div class=\"elementor-element elementor-element-15cad4b elementor-widget-divider--view-line elementor-widget elementor-widget-divider\" data-id=\"15cad4b\" data-element_type=\"widget\" data-widget_type=\"divider.default\">\n\t\t\t\t<div class=\"elementor-widget-container\">\n\t\t\t<style>\/*! elementor - v3.12.1 - 02-04-2023 *\/\n.elementor-widget-divider{--divider-border-style:none;--divider-border-width:1px;--divider-color:#0c0d0e;--divider-icon-size:20px;--divider-element-spacing:10px;--divider-pattern-height:24px;--divider-pattern-size:20px;--divider-pattern-url:none;--divider-pattern-repeat:repeat-x}.elementor-widget-divider .elementor-divider{display:flex}.elementor-widget-divider .elementor-divider__text{font-size:15px;line-height:1;max-width:95%}.elementor-widget-divider .elementor-divider__element{margin:0 var(--divider-element-spacing);flex-shrink:0}.elementor-widget-divider .elementor-icon{font-size:var(--divider-icon-size)}.elementor-widget-divider .elementor-divider-separator{display:flex;margin:0;direction:ltr}.elementor-widget-divider--view-line_icon .elementor-divider-separator,.elementor-widget-divider--view-line_text .elementor-divider-separator{align-items:center}.elementor-widget-divider--view-line_icon .elementor-divider-separator:after,.elementor-widget-divider--view-line_icon .elementor-divider-separator:before,.elementor-widget-divider--view-line_text .elementor-divider-separator:after,.elementor-widget-divider--view-line_text .elementor-divider-separator:before{display:block;content:\"\";border-bottom:0;flex-grow:1;border-top:var(--divider-border-width) var(--divider-border-style) var(--divider-color)}.elementor-widget-divider--element-align-left .elementor-divider .elementor-divider-separator>.elementor-divider__svg:first-of-type{flex-grow:0;flex-shrink:100}.elementor-widget-divider--element-align-left .elementor-divider-separator:before{content:none}.elementor-widget-divider--element-align-left .elementor-divider__element{margin-left:0}.elementor-widget-divider--element-align-right .elementor-divider .elementor-divider-separator>.elementor-divider__svg:last-of-type{flex-grow:0;flex-shrink:100}.elementor-widget-divider--element-align-right .elementor-divider-separator:after{content:none}.elementor-widget-divider--element-align-right .elementor-divider__element{margin-right:0}.elementor-widget-divider:not(.elementor-widget-divider--view-line_text):not(.elementor-widget-divider--view-line_icon) .elementor-divider-separator{border-top:var(--divider-border-width) var(--divider-border-style) var(--divider-color)}.elementor-widget-divider--separator-type-pattern{--divider-border-style:none}.elementor-widget-divider--separator-type-pattern.elementor-widget-divider--view-line .elementor-divider-separator,.elementor-widget-divider--separator-type-pattern:not(.elementor-widget-divider--view-line) .elementor-divider-separator:after,.elementor-widget-divider--separator-type-pattern:not(.elementor-widget-divider--view-line) .elementor-divider-separator:before,.elementor-widget-divider--separator-type-pattern:not([class*=elementor-widget-divider--view]) .elementor-divider-separator{width:100%;min-height:var(--divider-pattern-height);-webkit-mask-size:var(--divider-pattern-size) 100%;mask-size:var(--divider-pattern-size) 100%;-webkit-mask-repeat:var(--divider-pattern-repeat);mask-repeat:var(--divider-pattern-repeat);background-color:var(--divider-color);-webkit-mask-image:var(--divider-pattern-url);mask-image:var(--divider-pattern-url)}.elementor-widget-divider--no-spacing{--divider-pattern-size:auto}.elementor-widget-divider--bg-round{--divider-pattern-repeat:round}.rtl .elementor-widget-divider .elementor-divider__text{direction:rtl}.e-con-inner>.elementor-widget-divider,.e-con>.elementor-widget-divider{width:var(--container-widget-width,100%);--flex-grow:var(--container-widget-flex-grow)}<\/style>\t\t<div class=\"elementor-divider\">\n\t\t\t<span class=\"elementor-divider-separator\">\n\t\t\t\t\t\t<\/span>\n\t\t<\/div>\n\t\t\t\t<\/div>\n\t\t\t\t<\/div>\n\t\t\t\t<div class=\"elementor-element elementor-element-bd3239c elementor-widget elementor-widget-heading\" data-id=\"bd3239c\" data-element_type=\"widget\" data-widget_type=\"heading.default\">\n\t\t\t\t<div class=\"elementor-widget-container\">\n\t\t\t<p class=\"elementor-heading-title elementor-size-default\">Peter Pan dovr\u00e0 vedersela con un Capitan Uncino pi\u00f9 agguerrito che mai che tenter\u00e0 di portare a termine un piano diabolico. Numerosi effetti speciali tra lago e cielo, videomapping, fontane danzanti e immagini fiabesche proiettate su enormi muri d\u2019acqua, evoluzioni di jet ski e flyboard.<\/p>\t\t<\/div>\n\t\t\t\t<\/div>\n\t\t\t\t\t<\/div>\n\t\t<\/div>\n\t\t\t\t\t\t\t<\/div>\n\t\t<\/section>\n\t\t\t\t\t<\/div>\n\t\t<\/div>\n\t\t\t\t\t\t\t<\/div>\n\t\t<\/section>\n\t\t\t\t<section class=\"elementor-section elementor-top-section elementor-element elementor-element-53fb28c elementor-section-boxed elementor-section-height-default elementor-section-height-default\" data-id=\"53fb28c\" data-element_type=\"section\" data-settings=\"{&quot;background_background&quot;:&quot;classic&quot;}\">\n\t\t\t\t\t\t<div class=\"elementor-container elementor-column-gap-default\">\n\t\t\t\t\t<div class=\"elementor-column elementor-col-100 elementor-top-column elementor-element elementor-element-91f24a8\" data-id=\"91f24a8\" data-element_type=\"column\">\n\t\t\t<div class=\"elementor-widget-wrap elementor-element-populated\">\n\t\t\t\t\t\t\t\t<div class=\"elementor-element elementor-element-44efbb0 elementor-widget elementor-widget-spacer\" data-id=\"44efbb0\" data-element_type=\"widget\" data-widget_type=\"spacer.default\">\n\t\t\t\t<div class=\"elementor-widget-container\">\n\t\t\t\t\t<div class=\"elementor-spacer\">\n\t\t\t<div class=\"elementor-spacer-inner\"><\/div>\n\t\t<\/div>\n\t\t\t\t<\/div>\n\t\t\t\t<\/div>\n\t\t\t\t<div class=\"elementor-element elementor-element-dc3a6da elementor-widget elementor-widget-shortcode\" data-id=\"dc3a6da\" data-element_type=\"widget\" data-widget_type=\"shortcode.default\">\n\t\t\t\t<div class=\"elementor-widget-container\">\n\t\t\t\t\t<div class=\"elementor-shortcode\">\n            <div \n                class=\"elfsight-widget-portfolio elfsight-widget\" \n                data-elfsight-portfolio-options=\"%7B%22projects%22%3A%5B%7B%22id%22%3A%2240b321b5-a2d6-4fe5-a5df-423d8ee59e9f%22%2C%22name%22%3A%22%22%2C%22category%22%3A%22a27e3ed0-22a7-454a-9ad5-fa4d3a3beaf2%22%2C%22description%22%3A%22%22%2C%22date%22%3A1520321760000%2C%22website%22%3A%22%22%2C%22previewPicture%22%3Anull%2C%22media%22%3A%5B%7B%22type%22%3A%22uploaded%22%2C%22data%22%3A%7B%22name%22%3A%22PETER%20PAN%20NIGHT%20SHOW%202%22%2C%22url%22%3A%22https%3A%5C%2F%5C%2Fstuntmanshow.com%5C%2Fwp-content%5C%2Fuploads%5C%2F2022%5C%2F11%5C%2FPETER-PAN-NIGHT-SHOW-2-scaled.webp%22%2C%22size%22%3A692218%2C%22type%22%3A%22image%22%2C%22extension%22%3A%22webp%22%2C%22width%22%3A2560%2C%22height%22%3A2196%2C%22ext%22%3A%22webp%22%7D%7D%5D%2C%22undefined%22%3Anull%2C%22caption%22%3A%22%22%7D%2C%7B%22id%22%3A%22dfef9005-2d0c-40da-9742-4d2422b73939%22%2C%22name%22%3A%22%22%2C%22category%22%3A%22a27e3ed0-22a7-454a-9ad5-fa4d3a3beaf2%22%2C%22description%22%3A%22%22%2C%22date%22%3A%222017-06-08%2010%3A43%22%2C%22website%22%3A%22%22%2C%22previewPicture%22%3Anull%2C%22media%22%3A%5B%7B%22type%22%3A%22uploaded%22%2C%22data%22%3A%7B%22name%22%3A%22PETER%20PAN%20NIGHT%20SHOW%203%22%2C%22url%22%3A%22https%3A%5C%2F%5C%2Fstuntmanshow.com%5C%2Fwp-content%5C%2Fuploads%5C%2F2022%5C%2F11%5C%2FPETER-PAN-NIGHT-SHOW-3-scaled.webp%22%2C%22size%22%3A383660%2C%22type%22%3A%22image%22%2C%22extension%22%3A%22webp%22%2C%22width%22%3A2560%2C%22height%22%3A1600%2C%22ext%22%3A%22webp%22%7D%7D%5D%2C%22undefined%22%3Anull%2C%22caption%22%3A%22%22%7D%2C%7B%22id%22%3A%22350ec223-d45e-4746-b915-80ab034e7778%22%2C%22name%22%3A%22%22%2C%22category%22%3A%224523ac15-ce7f-471b-a3a3-a3c4ac0efbb9%22%2C%22description%22%3A%22%22%2C%22date%22%3A1556610742508%2C%22website%22%3A%22%22%2C%22previewPicture%22%3Anull%2C%22media%22%3A%5B%7B%22type%22%3A%22uploaded%22%2C%22data%22%3A%7B%22name%22%3A%22PETER%20PAN%20NIGHT%20SHOW%204%22%2C%22url%22%3A%22https%3A%5C%2F%5C%2Fstuntmanshow.com%5C%2Fwp-content%5C%2Fuploads%5C%2F2022%5C%2F11%5C%2FPETER-PAN-NIGHT-SHOW-4-scaled.webp%22%2C%22size%22%3A920720%2C%22type%22%3A%22image%22%2C%22extension%22%3A%22webp%22%2C%22width%22%3A2560%2C%22height%22%3A2270%2C%22ext%22%3A%22webp%22%7D%7D%5D%2C%22undefined%22%3Anull%2C%22caption%22%3A%22%22%7D%2C%7B%22id%22%3A%22ee6b40cb-5239-4175-9068-866ff41da224%22%2C%22name%22%3A%22%22%2C%22category%22%3A%224523ac15-ce7f-471b-a3a3-a3c4ac0efbb9%22%2C%22description%22%3A%22%22%2C%22date%22%3A1468569300000%2C%22website%22%3A%22%22%2C%22previewPicture%22%3Anull%2C%22media%22%3A%5B%7B%22type%22%3A%22uploaded%22%2C%22data%22%3A%7B%22name%22%3A%22PETER%20PAN%20NIGHT%20SHOW%205%22%2C%22url%22%3A%22https%3A%5C%2F%5C%2Fstuntmanshow.com%5C%2Fwp-content%5C%2Fuploads%5C%2F2022%5C%2F11%5C%2FPETER-PAN-NIGHT-SHOW-5-scaled.webp%22%2C%22size%22%3A571412%2C%22type%22%3A%22image%22%2C%22extension%22%3A%22webp%22%2C%22width%22%3A2520%2C%22height%22%3A2560%2C%22ext%22%3A%22webp%22%7D%7D%5D%2C%22undefined%22%3Anull%2C%22caption%22%3A%22%22%7D%2C%7B%22id%22%3A%2282861d1e-c1a8-4fb1-bce7-39b5ec507317%22%2C%22name%22%3A%22%22%2C%22category%22%3A%224523ac15-ce7f-471b-a3a3-a3c4ac0efbb9%22%2C%22description%22%3A%22%22%2C%22date%22%3A%222011-07-14%2011%3A03%22%2C%22website%22%3A%22%22%2C%22previewPicture%22%3Anull%2C%22media%22%3A%5B%7B%22type%22%3A%22uploaded%22%2C%22data%22%3A%7B%22name%22%3A%22PETER%20PAN%20NIGHT%20SHOW%206%22%2C%22url%22%3A%22https%3A%5C%2F%5C%2Fstuntmanshow.com%5C%2Fwp-content%5C%2Fuploads%5C%2F2022%5C%2F11%5C%2FPETER-PAN-NIGHT-SHOW-6-scaled.webp%22%2C%22size%22%3A594660%2C%22type%22%3A%22image%22%2C%22extension%22%3A%22webp%22%2C%22width%22%3A2560%2C%22height%22%3A1920%2C%22ext%22%3A%22webp%22%7D%7D%5D%2C%22undefined%22%3Anull%2C%22caption%22%3A%22%22%7D%2C%7B%22id%22%3A%223e00bb70-942a-483f-bc22-77a1b6a5ee6f%22%2C%22name%22%3A%22%22%2C%22category%22%3A%22a27e3ed0-22a7-454a-9ad5-fa4d3a3beaf2%22%2C%22description%22%3A%22%22%2C%22date%22%3A1435910760000%2C%22website%22%3A%22%22%2C%22previewPicture%22%3Anull%2C%22media%22%3A%5B%7B%22type%22%3A%22uploaded%22%2C%22data%22%3A%7B%22name%22%3A%22PETER%20PAN%20NIGHT%20SHOW%207%22%2C%22url%22%3A%22https%3A%5C%2F%5C%2Fstuntmanshow.com%5C%2Fwp-content%5C%2Fuploads%5C%2F2022%5C%2F11%5C%2FPETER-PAN-NIGHT-SHOW-7-scaled.webp%22%2C%22size%22%3A864668%2C%22type%22%3A%22image%22%2C%22extension%22%3A%22webp%22%2C%22width%22%3A2560%2C%22height%22%3A2560%2C%22ext%22%3A%22webp%22%7D%7D%5D%2C%22undefined%22%3Anull%2C%22caption%22%3A%22%22%7D%2C%7B%22id%22%3A%22c3af747e-6e6a-4da8-959d-259267dab9c9%22%2C%22media%22%3A%5B%7B%22type%22%3A%22uploaded%22%2C%22data%22%3A%7B%22name%22%3A%22PETER%20PAN%20NIGHT%20SHOW%209%22%2C%22url%22%3A%22https%3A%5C%2F%5C%2Fstuntmanshow.com%5C%2Fwp-content%5C%2Fuploads%5C%2F2022%5C%2F11%5C%2FPETER-PAN-NIGHT-SHOW-9_11zon.jpg%22%2C%22size%22%3A468235%2C%22type%22%3A%22image%22%2C%22extension%22%3A%22jpeg%22%2C%22width%22%3A1812%2C%22height%22%3A1368%2C%22ext%22%3A%22jpeg%22%7D%7D%5D%2C%22previewPicture%22%3Anull%2C%22undefined%22%3Anull%2C%22name%22%3A%22%22%2C%22category%22%3A%22%22%2C%22description%22%3A%22%22%2C%22caption%22%3A%22%22%2C%22website%22%3A%22%22%7D%2C%7B%22id%22%3A%2205b79907-f764-4f37-ba34-0fe398a0397d%22%2C%22media%22%3A%5B%7B%22type%22%3A%22uploaded%22%2C%22data%22%3A%7B%22name%22%3A%22PETER%20PAN%20NIGHT%20SHOW%2010%22%2C%22url%22%3A%22https%3A%5C%2F%5C%2Fstuntmanshow.com%5C%2Fwp-content%5C%2Fuploads%5C%2F2022%5C%2F11%5C%2FPETER-PAN-NIGHT-SHOW-10_11zon.jpg%22%2C%22size%22%3A328557%2C%22type%22%3A%22image%22%2C%22extension%22%3A%22jpeg%22%2C%22width%22%3A1992%2C%22height%22%3A1367%2C%22ext%22%3A%22jpeg%22%7D%7D%5D%2C%22previewPicture%22%3Anull%2C%22undefined%22%3Anull%2C%22name%22%3A%22%22%2C%22category%22%3A%22%22%2C%22description%22%3A%22%22%2C%22caption%22%3A%22%22%2C%22website%22%3A%22%22%7D%2C%7B%22id%22%3A%222a2fd4ba-199d-4216-abd8-44d1deac822b%22%2C%22media%22%3A%5B%7B%22type%22%3A%22uploaded%22%2C%22data%22%3A%7B%22name%22%3A%22PETER%20PAN%20NIGHT%20SHOW%2011%22%2C%22url%22%3A%22https%3A%5C%2F%5C%2Fstuntmanshow.com%5C%2Fwp-content%5C%2Fuploads%5C%2F2022%5C%2F11%5C%2FPETER-PAN-NIGHT-SHOW-11_11zon.jpg%22%2C%22size%22%3A283350%2C%22type%22%3A%22image%22%2C%22extension%22%3A%22jpeg%22%2C%22width%22%3A1801%2C%22height%22%3A1367%2C%22ext%22%3A%22jpeg%22%7D%7D%5D%2C%22previewPicture%22%3Anull%2C%22undefined%22%3Anull%2C%22name%22%3A%22%22%2C%22category%22%3A%22%22%2C%22description%22%3A%22%22%2C%22caption%22%3A%22%22%2C%22website%22%3A%22%22%7D%2C%7B%22id%22%3A%222eca4fee-d959-48cd-98c2-2ff2208d0223%22%2C%22media%22%3A%5B%7B%22type%22%3A%22uploaded%22%2C%22data%22%3A%7B%22name%22%3A%22PETER%20PAN%20NIGHT%20SHOW%2012%22%2C%22url%22%3A%22https%3A%5C%2F%5C%2Fstuntmanshow.com%5C%2Fwp-content%5C%2Fuploads%5C%2F2022%5C%2F11%5C%2FPETER-PAN-NIGHT-SHOW-12_11zon.jpg%22%2C%22size%22%3A336415%2C%22type%22%3A%22image%22%2C%22extension%22%3A%22jpeg%22%2C%22width%22%3A1857%2C%22height%22%3A1366%2C%22ext%22%3A%22jpeg%22%7D%7D%5D%2C%22previewPicture%22%3Anull%2C%22undefined%22%3Anull%2C%22name%22%3A%22%22%2C%22category%22%3A%22%22%2C%22description%22%3A%22%22%2C%22caption%22%3A%22%22%2C%22website%22%3A%22%22%7D%2C%7B%22id%22%3A%224df727fb-e7c6-4b9a-ac61-0b6db0f2670c%22%2C%22media%22%3A%5B%7B%22type%22%3A%22uploaded%22%2C%22data%22%3A%7B%22name%22%3A%22PETER%20PAN%20NIGHT%20SHOW%2013%22%2C%22url%22%3A%22https%3A%5C%2F%5C%2Fstuntmanshow.com%5C%2Fwp-content%5C%2Fuploads%5C%2F2022%5C%2F11%5C%2FPETER-PAN-NIGHT-SHOW-13_11zon.jpg%22%2C%22size%22%3A412079%2C%22type%22%3A%22image%22%2C%22extension%22%3A%22jpeg%22%2C%22width%22%3A1850%2C%22height%22%3A1367%2C%22ext%22%3A%22jpeg%22%7D%7D%5D%2C%22previewPicture%22%3Anull%2C%22undefined%22%3Anull%2C%22name%22%3A%22%22%2C%22category%22%3A%22%22%2C%22description%22%3A%22%22%2C%22caption%22%3A%22%22%2C%22website%22%3A%22%22%7D%5D%2C%22categoriesEnabled%22%3Afalse%2C%22categories%22%3A%5B%7B%22value%22%3A%22%22%2C%22name%22%3A%22%20-%20None%20-%20%22%2C%22visible%22%3Afalse%7D%2C%7B%22value%22%3A%22a27e3ed0-22a7-454a-9ad5-fa4d3a3beaf2%22%2C%22name%22%3A%22On%20the%20Wave%22%2C%22undefined%22%3Anull%7D%2C%7B%22value%22%3A%224523ac15-ce7f-471b-a3a3-a3c4ac0efbb9%22%2C%22name%22%3A%22People%22%2C%22undefined%22%3Anull%7D%5D%2C%22widgetTitle%22%3A%22%22%2C%22authorWhereToDisplay%22%3A%5B%5D%2C%22authorName%22%3A%22%22%2C%22authorDescription%22%3A%22%22%2C%22authorPhoto%22%3Anull%2C%22authorEmail%22%3A%22%22%2C%22authorPhone%22%3A%22%22%2C%22authorSocial%22%3A%5B%5D%2C%22ctaWhereToDisplay%22%3A%5B%5D%2C%22ctaButtonText%22%3A%22Hire%20me%22%2C%22ctaButtonLink%22%3A%22%22%2C%22lang%22%3A%22en%22%2C%22layout%22%3A%22masonry%22%2C%22gridColumns%22%3A3%2C%22gridRows%22%3A3%2C%22gridGutter%22%3A10%2C%22gridItemAspectRatio%22%3A0.669%2C%22gridColumnsTablet%22%3A2%2C%22gridRowsTablet%22%3A2%2C%22gridColumnsMobile%22%3A1%2C%22gridRowsMobile%22%3A1%2C%22masonryColumns%22%3A3%2C%22masonryGutter%22%3A10%2C%22masonryItemsPerPage%22%3A30%2C%22masonryColumnsTablet%22%3A2%2C%22masonryColumnsMobile%22%3A1%2C%22listGutter%22%3A10%2C%22listItemsPerPage%22%3A8%2C%22listItemAspectRatio%22%3A0.333%2C%22width%22%3A%22auto%22%2C%22projectLook%22%3A%22overlay%22%2C%22projectInfoToDisplay%22%3A%5B%22name%22%2C%22caption%22%2C%22category%22%5D%2C%22projectClickAction%22%3A%22popup%22%2C%22popupInfoToDisplay%22%3A%5B%22name%22%2C%22description%22%2C%22caption%22%2C%22category%22%2C%22website%22%5D%2C%22backgroundColor%22%3A%22%22%2C%22textColor%22%3A%22rgb%2817%2C%2017%2C%2017%29%22%2C%22ctaColor%22%3A%22rgb%2828%2C%2059%2C%20255%29%22%2C%22linksColor%22%3A%22rgb%2828%2C%2059%2C%20255%29%22%2C%22projectOverlayColor%22%3A%22rgba%2817%2C%2017%2C%2017%2C%200.7%29%22%2C%22projectBackgroundColor%22%3A%22%22%2C%22projectTextColor%22%3A%22%22%2C%22popupBackgroundColor%22%3A%22rgb%28255%2C%20255%2C%20255%29%22%2C%22popupTextColor%22%3A%22rgb%2817%2C%2017%2C%2017%29%22%2C%22popupOverlayColor%22%3A%22rgba%2817%2C%2017%2C%2017%2C%200.9%29%22%2C%22popupCtaColor%22%3A%22rgb%2828%2C%2059%2C%20255%29%22%2C%22popupLinksColor%22%3A%22rgb%2828%2C%2059%2C%20255%29%22%2C%22popupTextAlignment%22%3A%22left%22%2C%22widgetId%22%3A%221%22%7D\" \n                data-elfsight-portfolio-version=\"1.1.3\"\n                data-elfsight-widget-id=\"elfsight-portfolio-1\">\n            <\/div>\n            <\/div>\n\t\t\t\t<\/div>\n\t\t\t\t<\/div>\n\t\t\t\t<div class=\"elementor-element elementor-element-4a552be elementor-widget elementor-widget-spacer\" data-id=\"4a552be\" data-element_type=\"widget\" data-widget_type=\"spacer.default\">\n\t\t\t\t<div class=\"elementor-widget-container\">\n\t\t\t\t\t<div class=\"elementor-spacer\">\n\t\t\t<div class=\"elementor-spacer-inner\"><\/div>\n\t\t<\/div>\n\t\t\t\t<\/div>\n\t\t\t\t<\/div>\n\t\t\t\t\t<\/div>\n\t\t<\/div>\n\t\t\t\t\t\t\t<\/div>\n\t\t<\/section>\n\t\t\t\t\t\t\t<\/div>","protected":false},"excerpt":{"rendered":"<p>L\u2019ULTIMO PAN &#8211; NIGHT SHOW L\u2019ULTIMO PAN &#8211; NIGHT SHOW Peter Pan will have to deal with a Captain Hook more fierce than ever who will try to carry out a diabolical plan. Numerous special effects between lake and sky, videomapping, dancing fountains and fairy-tale images projected onto huge walls of water, evolutions of roaring [&hellip;]<\/p>","protected":false},"author":4,"featured_media":0,"parent":0,"menu_order":0,"comment_status":"closed","ping_status":"closed","template":"","meta":{"footnotes":""},"class_list":["post-225","page","type-page","status-publish","hentry"],"_links":{"self":[{"href":"https:\/\/stuntmanshow.com\/it\/wp-json\/wp\/v2\/pages\/225","targetHints":{"allow":["GET"]}}],"collection":[{"href":"https:\/\/stuntmanshow.com\/it\/wp-json\/wp\/v2\/pages"}],"about":[{"href":"https:\/\/stuntmanshow.com\/it\/wp-json\/wp\/v2\/types\/page"}],"author":[{"embeddable":true,"href":"https:\/\/stuntmanshow.com\/it\/wp-json\/wp\/v2\/users\/4"}],"replies":[{"embeddable":true,"href":"https:\/\/stuntmanshow.com\/it\/wp-json\/wp\/v2\/comments?post=225"}],"version-history":[{"count":0,"href":"https:\/\/stuntmanshow.com\/it\/wp-json\/wp\/v2\/pages\/225\/revisions"}],"wp:attachment":[{"href":"https:\/\/stuntmanshow.com\/it\/wp-json\/wp\/v2\/media?parent=225"}],"curies":[{"name":"wp","href":"https:\/\/api.w.org\/{rel}","templated":true}]}}