{"id":1788,"date":"2022-11-24T14:22:23","date_gmt":"2022-11-24T14:22:23","guid":{"rendered":"https:\/\/stuntmanshow.com\/?page_id=1788"},"modified":"2023-01-03T14:47:08","modified_gmt":"2023-01-03T14:47:08","slug":"robin-hood","status":"publish","type":"page","link":"https:\/\/stuntmanshow.com\/it\/robin-hood\/","title":{"rendered":"ROBIN HOOD"},"content":{"rendered":"<div data-elementor-type=\"wp-page\" data-elementor-id=\"1788\" class=\"elementor elementor-1788\">\n\t\t\t\t\t\t\t\t\t<section class=\"elementor-section elementor-top-section elementor-element elementor-element-4a1b8616 elementor-section-boxed elementor-section-height-default elementor-section-height-default\" data-id=\"4a1b8616\" data-element_type=\"section\" data-settings=\"{&quot;background_background&quot;:&quot;classic&quot;}\">\n\t\t\t\t\t\t<div class=\"elementor-container elementor-column-gap-default\">\n\t\t\t\t\t<div class=\"elementor-column elementor-col-100 elementor-top-column elementor-element elementor-element-34a89ca3\" data-id=\"34a89ca3\" data-element_type=\"column\">\n\t\t\t<div class=\"elementor-widget-wrap elementor-element-populated\">\n\t\t\t\t\t\t\t\t<div class=\"elementor-element elementor-element-23e4dcd0 elementor-widget elementor-widget-spacer\" data-id=\"23e4dcd0\" data-element_type=\"widget\" data-widget_type=\"spacer.default\">\n\t\t\t\t<div class=\"elementor-widget-container\">\n\t\t\t<style>\/*! elementor - v3.12.1 - 02-04-2023 *\/\n.elementor-column .elementor-spacer-inner{height:var(--spacer-size)}.e-con{--container-widget-width:100%}.e-con-inner>.elementor-widget-spacer,.e-con>.elementor-widget-spacer{width:var(--container-widget-width,var(--spacer-size));--align-self:var(--container-widget-align-self,initial);--flex-shrink:0}.e-con-inner>.elementor-widget-spacer>.elementor-widget-container,.e-con-inner>.elementor-widget-spacer>.elementor-widget-container>.elementor-spacer,.e-con>.elementor-widget-spacer>.elementor-widget-container,.e-con>.elementor-widget-spacer>.elementor-widget-container>.elementor-spacer{height:100%}.e-con-inner>.elementor-widget-spacer>.elementor-widget-container>.elementor-spacer>.elementor-spacer-inner,.e-con>.elementor-widget-spacer>.elementor-widget-container>.elementor-spacer>.elementor-spacer-inner{height:var(--container-widget-height,var(--spacer-size))}<\/style>\t\t<div class=\"elementor-spacer\">\n\t\t\t<div class=\"elementor-spacer-inner\"><\/div>\n\t\t<\/div>\n\t\t\t\t<\/div>\n\t\t\t\t<\/div>\n\t\t\t\t<section class=\"elementor-section elementor-inner-section elementor-element elementor-element-57390406 elementor-section-boxed elementor-section-height-default elementor-section-height-default\" data-id=\"57390406\" data-element_type=\"section\">\n\t\t\t\t\t\t<div class=\"elementor-container elementor-column-gap-default\">\n\t\t\t\t\t<div class=\"elementor-column elementor-col-100 elementor-inner-column elementor-element elementor-element-3c55f903\" data-id=\"3c55f903\" data-element_type=\"column\">\n\t\t\t<div class=\"elementor-widget-wrap elementor-element-populated\">\n\t\t\t\t\t\t\t\t<div class=\"elementor-element elementor-element-5f42bc4b elementor-widget elementor-widget-heading\" data-id=\"5f42bc4b\" data-element_type=\"widget\" data-widget_type=\"heading.default\">\n\t\t\t\t<div class=\"elementor-widget-container\">\n\t\t\t<style>\/*! elementor - v3.12.1 - 02-04-2023 *\/\n.elementor-heading-title{padding:0;margin:0;line-height:1}.elementor-widget-heading .elementor-heading-title[class*=elementor-size-]>a{color:inherit;font-size:inherit;line-height:inherit}.elementor-widget-heading .elementor-heading-title.elementor-size-small{font-size:15px}.elementor-widget-heading .elementor-heading-title.elementor-size-medium{font-size:19px}.elementor-widget-heading .elementor-heading-title.elementor-size-large{font-size:29px}.elementor-widget-heading .elementor-heading-title.elementor-size-xl{font-size:39px}.elementor-widget-heading .elementor-heading-title.elementor-size-xxl{font-size:59px}<\/style><h1 class=\"elementor-heading-title elementor-size-default\">ROBIN HOOD - THE MUSICAL<\/h1>\t\t<\/div>\n\t\t\t\t<\/div>\n\t\t\t\t\t<\/div>\n\t\t<\/div>\n\t\t\t\t\t\t\t<\/div>\n\t\t<\/section>\n\t\t\t\t<div class=\"elementor-element elementor-element-5829e8ba elementor-widget elementor-widget-spacer\" data-id=\"5829e8ba\" data-element_type=\"widget\" data-widget_type=\"spacer.default\">\n\t\t\t\t<div class=\"elementor-widget-container\">\n\t\t\t\t\t<div class=\"elementor-spacer\">\n\t\t\t<div class=\"elementor-spacer-inner\"><\/div>\n\t\t<\/div>\n\t\t\t\t<\/div>\n\t\t\t\t<\/div>\n\t\t\t\t\t<\/div>\n\t\t<\/div>\n\t\t\t\t\t\t\t<\/div>\n\t\t<\/section>\n\t\t\t\t<section class=\"elementor-section elementor-top-section elementor-element elementor-element-3d72f4 elementor-section-boxed elementor-section-height-default elementor-section-height-default\" data-id=\"3d72f4\" data-element_type=\"section\" data-settings=\"{&quot;background_background&quot;:&quot;classic&quot;}\">\n\t\t\t\t\t\t<div class=\"elementor-container elementor-column-gap-default\">\n\t\t\t\t\t<div class=\"elementor-column elementor-col-100 elementor-top-column elementor-element elementor-element-1eb75be4\" data-id=\"1eb75be4\" data-element_type=\"column\">\n\t\t\t<div class=\"elementor-widget-wrap elementor-element-populated\">\n\t\t\t\t\t\t\t\t<section class=\"elementor-section elementor-inner-section elementor-element elementor-element-36a787b9 elementor-section-content-middle elementor-section-boxed elementor-section-height-default elementor-section-height-default\" data-id=\"36a787b9\" data-element_type=\"section\">\n\t\t\t\t\t\t<div class=\"elementor-container elementor-column-gap-extended\">\n\t\t\t\t\t<div class=\"elementor-column elementor-col-50 elementor-inner-column elementor-element elementor-element-7a769a5f\" data-id=\"7a769a5f\" data-element_type=\"column\">\n\t\t\t<div class=\"elementor-widget-wrap elementor-element-populated\">\n\t\t\t\t\t\t\t\t<div class=\"elementor-element elementor-element-77da2a3c elementor-widget elementor-widget-image\" data-id=\"77da2a3c\" data-element_type=\"widget\" data-widget_type=\"image.default\">\n\t\t\t\t<div class=\"elementor-widget-container\">\n\t\t\t<style>\/*! elementor - v3.12.1 - 02-04-2023 *\/\n.elementor-widget-image{text-align:center}.elementor-widget-image a{display:inline-block}.elementor-widget-image a img[src$=\".svg\"]{width:48px}.elementor-widget-image img{vertical-align:middle;display:inline-block}<\/style>\t\t\t\t\t\t\t\t\t\t\t\t<img loading=\"lazy\" decoding=\"async\" width=\"688\" height=\"1024\" src=\"https:\/\/stuntmanshow.com\/wp-content\/uploads\/2023\/01\/RobinHood_a-688x1024.jpg\" class=\"attachment-large size-large wp-image-2748\" alt=\"\" srcset=\"https:\/\/stuntmanshow.com\/wp-content\/uploads\/2023\/01\/RobinHood_a-688x1024.jpg 688w, https:\/\/stuntmanshow.com\/wp-content\/uploads\/2023\/01\/RobinHood_a-202x300.jpg 202w, https:\/\/stuntmanshow.com\/wp-content\/uploads\/2023\/01\/RobinHood_a-768x1143.jpg 768w, https:\/\/stuntmanshow.com\/wp-content\/uploads\/2023\/01\/RobinHood_a-1032x1536.jpg 1032w, https:\/\/stuntmanshow.com\/wp-content\/uploads\/2023\/01\/RobinHood_a-1376x2048.jpg 1376w, https:\/\/stuntmanshow.com\/wp-content\/uploads\/2023\/01\/RobinHood_a-8x12.jpg 8w, https:\/\/stuntmanshow.com\/wp-content\/uploads\/2023\/01\/RobinHood_a-scaled.jpg 1720w\" sizes=\"auto, (max-width: 688px) 100vw, 688px\" \/>\t\t\t\t\t\t\t\t\t\t\t\t\t\t\t<\/div>\n\t\t\t\t<\/div>\n\t\t\t\t\t<\/div>\n\t\t<\/div>\n\t\t\t\t<div class=\"elementor-column elementor-col-50 elementor-inner-column elementor-element elementor-element-15d72e5c\" data-id=\"15d72e5c\" data-element_type=\"column\">\n\t\t\t<div class=\"elementor-widget-wrap elementor-element-populated\">\n\t\t\t\t\t\t\t\t<div class=\"elementor-element elementor-element-6d7a715e elementor-widget elementor-widget-heading\" data-id=\"6d7a715e\" data-element_type=\"widget\" data-widget_type=\"heading.default\">\n\t\t\t\t<div class=\"elementor-widget-container\">\n\t\t\t<h3 class=\"elementor-heading-title elementor-size-default\">ROBIN HOOD - THE MUSICAL<\/h3>\t\t<\/div>\n\t\t\t\t<\/div>\n\t\t\t\t<div class=\"elementor-element elementor-element-5543ff28 elementor-widget-divider--view-line elementor-widget elementor-widget-divider\" data-id=\"5543ff28\" data-element_type=\"widget\" data-widget_type=\"divider.default\">\n\t\t\t\t<div class=\"elementor-widget-container\">\n\t\t\t<style>\/*! elementor - v3.12.1 - 02-04-2023 *\/\n.elementor-widget-divider{--divider-border-style:none;--divider-border-width:1px;--divider-color:#0c0d0e;--divider-icon-size:20px;--divider-element-spacing:10px;--divider-pattern-height:24px;--divider-pattern-size:20px;--divider-pattern-url:none;--divider-pattern-repeat:repeat-x}.elementor-widget-divider .elementor-divider{display:flex}.elementor-widget-divider .elementor-divider__text{font-size:15px;line-height:1;max-width:95%}.elementor-widget-divider .elementor-divider__element{margin:0 var(--divider-element-spacing);flex-shrink:0}.elementor-widget-divider .elementor-icon{font-size:var(--divider-icon-size)}.elementor-widget-divider .elementor-divider-separator{display:flex;margin:0;direction:ltr}.elementor-widget-divider--view-line_icon .elementor-divider-separator,.elementor-widget-divider--view-line_text .elementor-divider-separator{align-items:center}.elementor-widget-divider--view-line_icon .elementor-divider-separator:after,.elementor-widget-divider--view-line_icon .elementor-divider-separator:before,.elementor-widget-divider--view-line_text .elementor-divider-separator:after,.elementor-widget-divider--view-line_text .elementor-divider-separator:before{display:block;content:\"\";border-bottom:0;flex-grow:1;border-top:var(--divider-border-width) var(--divider-border-style) var(--divider-color)}.elementor-widget-divider--element-align-left .elementor-divider .elementor-divider-separator>.elementor-divider__svg:first-of-type{flex-grow:0;flex-shrink:100}.elementor-widget-divider--element-align-left .elementor-divider-separator:before{content:none}.elementor-widget-divider--element-align-left .elementor-divider__element{margin-left:0}.elementor-widget-divider--element-align-right .elementor-divider .elementor-divider-separator>.elementor-divider__svg:last-of-type{flex-grow:0;flex-shrink:100}.elementor-widget-divider--element-align-right .elementor-divider-separator:after{content:none}.elementor-widget-divider--element-align-right .elementor-divider__element{margin-right:0}.elementor-widget-divider:not(.elementor-widget-divider--view-line_text):not(.elementor-widget-divider--view-line_icon) .elementor-divider-separator{border-top:var(--divider-border-width) var(--divider-border-style) var(--divider-color)}.elementor-widget-divider--separator-type-pattern{--divider-border-style:none}.elementor-widget-divider--separator-type-pattern.elementor-widget-divider--view-line .elementor-divider-separator,.elementor-widget-divider--separator-type-pattern:not(.elementor-widget-divider--view-line) .elementor-divider-separator:after,.elementor-widget-divider--separator-type-pattern:not(.elementor-widget-divider--view-line) .elementor-divider-separator:before,.elementor-widget-divider--separator-type-pattern:not([class*=elementor-widget-divider--view]) .elementor-divider-separator{width:100%;min-height:var(--divider-pattern-height);-webkit-mask-size:var(--divider-pattern-size) 100%;mask-size:var(--divider-pattern-size) 100%;-webkit-mask-repeat:var(--divider-pattern-repeat);mask-repeat:var(--divider-pattern-repeat);background-color:var(--divider-color);-webkit-mask-image:var(--divider-pattern-url);mask-image:var(--divider-pattern-url)}.elementor-widget-divider--no-spacing{--divider-pattern-size:auto}.elementor-widget-divider--bg-round{--divider-pattern-repeat:round}.rtl .elementor-widget-divider .elementor-divider__text{direction:rtl}.e-con-inner>.elementor-widget-divider,.e-con>.elementor-widget-divider{width:var(--container-widget-width,100%);--flex-grow:var(--container-widget-flex-grow)}<\/style>\t\t<div class=\"elementor-divider\">\n\t\t\t<span class=\"elementor-divider-separator\">\n\t\t\t\t\t\t<\/span>\n\t\t<\/div>\n\t\t\t\t<\/div>\n\t\t\t\t<\/div>\n\t\t\t\t<div class=\"elementor-element elementor-element-3e387bbb elementor-widget elementor-widget-heading\" data-id=\"3e387bbb\" data-element_type=\"widget\" data-widget_type=\"heading.default\">\n\t\t\t\t<div class=\"elementor-widget-container\">\n\t\t\t<p class=\"elementor-heading-title elementor-size-default\">Dalla foresta di Sherwood, l\u2019arciere Robin Hood se la dovr\u00e0 vedere con lo Sceriffo e il temibile Principe Giovanni. Robin, conquister\u00e0 per\u00f2 i cuori dei pi\u00f9 bisognosi, ma anche della splendida Lady Marian.\nUn\u2019avventura senza tempo che far\u00e0 cantare, divertire e vivere un\u2019atmosfera da fiaba a tutto il pubblico.<\/p>\t\t<\/div>\n\t\t\t\t<\/div>\n\t\t\t\t\t<\/div>\n\t\t<\/div>\n\t\t\t\t\t\t\t<\/div>\n\t\t<\/section>\n\t\t\t\t\t<\/div>\n\t\t<\/div>\n\t\t\t\t\t\t\t<\/div>\n\t\t<\/section>\n\t\t\t\t<section class=\"elementor-section elementor-top-section elementor-element elementor-element-58f95f3c elementor-section-boxed elementor-section-height-default elementor-section-height-default\" data-id=\"58f95f3c\" data-element_type=\"section\" data-settings=\"{&quot;background_background&quot;:&quot;classic&quot;}\">\n\t\t\t\t\t\t<div class=\"elementor-container elementor-column-gap-default\">\n\t\t\t\t\t<div class=\"elementor-column elementor-col-100 elementor-top-column elementor-element elementor-element-28fff73f\" data-id=\"28fff73f\" data-element_type=\"column\">\n\t\t\t<div class=\"elementor-widget-wrap elementor-element-populated\">\n\t\t\t\t\t\t\t\t<div class=\"elementor-element elementor-element-7c7434a6 elementor-widget elementor-widget-spacer\" data-id=\"7c7434a6\" data-element_type=\"widget\" data-widget_type=\"spacer.default\">\n\t\t\t\t<div class=\"elementor-widget-container\">\n\t\t\t\t\t<div class=\"elementor-spacer\">\n\t\t\t<div class=\"elementor-spacer-inner\"><\/div>\n\t\t<\/div>\n\t\t\t\t<\/div>\n\t\t\t\t<\/div>\n\t\t\t\t<div class=\"elementor-element elementor-element-2429f402 elementor-widget elementor-widget-shortcode\" data-id=\"2429f402\" data-element_type=\"widget\" data-widget_type=\"shortcode.default\">\n\t\t\t\t<div class=\"elementor-widget-container\">\n\t\t\t\t\t<div class=\"elementor-shortcode\">\n            <div \n                class=\"elfsight-widget-portfolio elfsight-widget\" \n                data-elfsight-portfolio-options=\"%7B%22projects%22%3A%5B%7B%22id%22%3A%22309711ed-4909-4730-82b7-fad145059b5a%22%2C%22media%22%3A%5B%7B%22type%22%3A%22uploaded%22%2C%22data%22%3A%7B%22name%22%3A%22robin%22%2C%22url%22%3A%22https%3A%5C%2F%5C%2Fstuntmanshow.com%5C%2Fwp-content%5C%2Fuploads%5C%2F2022%5C%2F11%5C%2Frobin.webp%22%2C%22size%22%3A270284%2C%22type%22%3A%22image%22%2C%22extension%22%3A%22webp%22%2C%22width%22%3A1500%2C%22height%22%3A606%2C%22ext%22%3A%22webp%22%7D%7D%5D%2C%22previewPicture%22%3Anull%2C%22undefined%22%3Anull%2C%22name%22%3A%22%22%2C%22category%22%3A%22%22%2C%22description%22%3A%22%22%2C%22caption%22%3A%22%22%2C%22website%22%3A%22%22%7D%2C%7B%22id%22%3A%2242955af3-ea54-4bd2-994a-ae3fdd8f26be%22%2C%22media%22%3A%5B%7B%22type%22%3A%22uploaded%22%2C%22data%22%3A%7B%22name%22%3A%22Robin1%22%2C%22url%22%3A%22https%3A%5C%2F%5C%2Fstuntmanshow.com%5C%2Fwp-content%5C%2Fuploads%5C%2F2022%5C%2F11%5C%2FRobin1.webp%22%2C%22size%22%3A120106%2C%22type%22%3A%22image%22%2C%22extension%22%3A%22webp%22%2C%22width%22%3A1200%2C%22height%22%3A801%2C%22ext%22%3A%22webp%22%7D%7D%5D%2C%22previewPicture%22%3Anull%2C%22undefined%22%3Anull%2C%22name%22%3A%22%22%2C%22category%22%3A%22%22%2C%22description%22%3A%22%22%2C%22caption%22%3A%22%22%2C%22website%22%3A%22%22%7D%2C%7B%22id%22%3A%22578886c8-11a9-472f-972f-a63a49d7608d%22%2C%22media%22%3A%5B%7B%22type%22%3A%22uploaded%22%2C%22data%22%3A%7B%22name%22%3A%22Robin2%22%2C%22url%22%3A%22https%3A%5C%2F%5C%2Fstuntmanshow.com%5C%2Fwp-content%5C%2Fuploads%5C%2F2022%5C%2F11%5C%2FRobin2.webp%22%2C%22size%22%3A135634%2C%22type%22%3A%22image%22%2C%22extension%22%3A%22webp%22%2C%22width%22%3A668%2C%22height%22%3A1000%2C%22ext%22%3A%22webp%22%7D%7D%5D%2C%22previewPicture%22%3Anull%2C%22undefined%22%3Anull%2C%22name%22%3A%22%22%2C%22category%22%3A%22%22%2C%22description%22%3A%22%22%2C%22caption%22%3A%22%22%2C%22website%22%3A%22%22%7D%2C%7B%22id%22%3A%226ccf6277-879b-4cc5-9bd6-982d9a98de0f%22%2C%22media%22%3A%5B%7B%22type%22%3A%22uploaded%22%2C%22data%22%3A%7B%22name%22%3A%22Robin3%22%2C%22url%22%3A%22https%3A%5C%2F%5C%2Fstuntmanshow.com%5C%2Fwp-content%5C%2Fuploads%5C%2F2022%5C%2F11%5C%2FRobin3.webp%22%2C%22size%22%3A148756%2C%22type%22%3A%22image%22%2C%22extension%22%3A%22webp%22%2C%22width%22%3A703%2C%22height%22%3A1000%2C%22ext%22%3A%22webp%22%7D%7D%5D%2C%22previewPicture%22%3Anull%2C%22undefined%22%3Anull%2C%22name%22%3A%22%22%2C%22category%22%3A%22%22%2C%22description%22%3A%22%22%2C%22caption%22%3A%22%22%2C%22website%22%3A%22%22%7D%2C%7B%22id%22%3A%22ac293ddc-4f41-46e4-8f13-17e6890880e9%22%2C%22media%22%3A%5B%7B%22type%22%3A%22uploaded%22%2C%22data%22%3A%7B%22name%22%3A%22Robin5%22%2C%22url%22%3A%22https%3A%5C%2F%5C%2Fstuntmanshow.com%5C%2Fwp-content%5C%2Fuploads%5C%2F2022%5C%2F11%5C%2FRobin5.webp%22%2C%22size%22%3A163450%2C%22type%22%3A%22image%22%2C%22extension%22%3A%22webp%22%2C%22width%22%3A1200%2C%22height%22%3A691%2C%22ext%22%3A%22webp%22%7D%7D%5D%2C%22previewPicture%22%3Anull%2C%22undefined%22%3Anull%2C%22name%22%3A%22%22%2C%22category%22%3A%22%22%2C%22description%22%3A%22%22%2C%22caption%22%3A%22%22%2C%22website%22%3A%22%22%7D%2C%7B%22id%22%3A%22a9b579ee-e22b-4f04-9615-ab9dfa5367c9%22%2C%22media%22%3A%5B%7B%22type%22%3A%22uploaded%22%2C%22data%22%3A%7B%22name%22%3A%22Robin6%22%2C%22url%22%3A%22https%3A%5C%2F%5C%2Fstuntmanshow.com%5C%2Fwp-content%5C%2Fuploads%5C%2F2022%5C%2F11%5C%2FRobin6.webp%22%2C%22size%22%3A151900%2C%22type%22%3A%22image%22%2C%22extension%22%3A%22webp%22%2C%22width%22%3A1200%2C%22height%22%3A684%2C%22ext%22%3A%22webp%22%7D%7D%5D%2C%22previewPicture%22%3Anull%2C%22undefined%22%3Anull%2C%22name%22%3A%22%22%2C%22category%22%3A%22%22%2C%22description%22%3A%22%22%2C%22caption%22%3A%22%22%2C%22website%22%3A%22%22%7D%2C%7B%22id%22%3A%229af99e6d-f128-4cbb-b576-c59fbbff3a03%22%2C%22media%22%3A%5B%7B%22type%22%3A%22uploaded%22%2C%22data%22%3A%7B%22name%22%3A%22Robin7%22%2C%22url%22%3A%22https%3A%5C%2F%5C%2Fstuntmanshow.com%5C%2Fwp-content%5C%2Fuploads%5C%2F2022%5C%2F11%5C%2FRobin7.webp%22%2C%22size%22%3A155822%2C%22type%22%3A%22image%22%2C%22extension%22%3A%22webp%22%2C%22width%22%3A1200%2C%22height%22%3A678%2C%22ext%22%3A%22webp%22%7D%7D%5D%2C%22previewPicture%22%3Anull%2C%22undefined%22%3Anull%2C%22name%22%3A%22%22%2C%22category%22%3A%22%22%2C%22description%22%3A%22%22%2C%22caption%22%3A%22%22%2C%22website%22%3A%22%22%7D%2C%7B%22id%22%3A%228f18871c-2c99-4ac5-b42b-dec37ea3e85c%22%2C%22media%22%3A%5B%7B%22type%22%3A%22uploaded%22%2C%22data%22%3A%7B%22name%22%3A%22Robin8%22%2C%22url%22%3A%22https%3A%5C%2F%5C%2Fstuntmanshow.com%5C%2Fwp-content%5C%2Fuploads%5C%2F2022%5C%2F11%5C%2FRobin8.webp%22%2C%22size%22%3A104026%2C%22type%22%3A%22image%22%2C%22extension%22%3A%22webp%22%2C%22width%22%3A1200%2C%22height%22%3A731%2C%22ext%22%3A%22webp%22%7D%7D%5D%2C%22previewPicture%22%3Anull%2C%22undefined%22%3Anull%2C%22name%22%3A%22%22%2C%22category%22%3A%22%22%2C%22description%22%3A%22%22%2C%22caption%22%3A%22%22%2C%22website%22%3A%22%22%7D%2C%7B%22id%22%3A%2288398327-ad4d-4df4-a3a2-962775c7f706%22%2C%22media%22%3A%5B%7B%22type%22%3A%22uploaded%22%2C%22data%22%3A%7B%22name%22%3A%22Robin11%22%2C%22url%22%3A%22https%3A%5C%2F%5C%2Fstuntmanshow.com%5C%2Fwp-content%5C%2Fuploads%5C%2F2022%5C%2F11%5C%2FRobin11.jpg%22%2C%22size%22%3A157496%2C%22type%22%3A%22image%22%2C%22extension%22%3A%22jpeg%22%2C%22width%22%3A1024%2C%22height%22%3A629%2C%22ext%22%3A%22jpeg%22%7D%7D%5D%2C%22previewPicture%22%3Anull%2C%22undefined%22%3Anull%2C%22name%22%3A%22%22%2C%22category%22%3A%22%22%2C%22description%22%3A%22%22%2C%22caption%22%3A%22%22%2C%22website%22%3A%22%22%7D%2C%7B%22id%22%3A%225bbada41-8b48-469c-8b3c-c0eea5616bf3%22%2C%22media%22%3A%5B%7B%22type%22%3A%22uploaded%22%2C%22data%22%3A%7B%22name%22%3A%22Robin12%22%2C%22url%22%3A%22https%3A%5C%2F%5C%2Fstuntmanshow.com%5C%2Fwp-content%5C%2Fuploads%5C%2F2022%5C%2F11%5C%2FRobin12.jpg%22%2C%22size%22%3A164317%2C%22type%22%3A%22image%22%2C%22extension%22%3A%22jpeg%22%2C%22width%22%3A1024%2C%22height%22%3A665%2C%22ext%22%3A%22jpeg%22%7D%7D%5D%2C%22previewPicture%22%3Anull%2C%22undefined%22%3Anull%2C%22name%22%3A%22%22%2C%22category%22%3A%22%22%2C%22description%22%3A%22%22%2C%22caption%22%3A%22%22%2C%22website%22%3A%22%22%7D%2C%7B%22id%22%3A%22010ef64f-b425-4e48-9733-df7c2924452c%22%2C%22media%22%3A%5B%7B%22type%22%3A%22uploaded%22%2C%22data%22%3A%7B%22name%22%3A%22Robin13%22%2C%22url%22%3A%22https%3A%5C%2F%5C%2Fstuntmanshow.com%5C%2Fwp-content%5C%2Fuploads%5C%2F2022%5C%2F11%5C%2FRobin13.jpg%22%2C%22size%22%3A145963%2C%22type%22%3A%22image%22%2C%22extension%22%3A%22jpeg%22%2C%22width%22%3A972%2C%22height%22%3A539%2C%22ext%22%3A%22jpeg%22%7D%7D%5D%2C%22previewPicture%22%3Anull%2C%22undefined%22%3Anull%2C%22name%22%3A%22%22%2C%22category%22%3A%22%22%2C%22description%22%3A%22%22%2C%22caption%22%3A%22%22%2C%22website%22%3A%22%22%7D%2C%7B%22id%22%3A%22e85eac86-41ac-4897-8eb3-cf26119d90ba%22%2C%22media%22%3A%5B%7B%22type%22%3A%22uploaded%22%2C%22data%22%3A%7B%22name%22%3A%22Robin9%22%2C%22url%22%3A%22https%3A%5C%2F%5C%2Fstuntmanshow.com%5C%2Fwp-content%5C%2Fuploads%5C%2F2022%5C%2F11%5C%2FRobin9.jpg%22%2C%22size%22%3A246500%2C%22type%22%3A%22image%22%2C%22extension%22%3A%22jpeg%22%2C%22width%22%3A1049%2C%22height%22%3A1653%2C%22ext%22%3A%22jpeg%22%7D%7D%5D%2C%22previewPicture%22%3Anull%2C%22undefined%22%3Anull%2C%22name%22%3A%22%22%2C%22category%22%3A%22%22%2C%22description%22%3A%22%22%2C%22caption%22%3A%22%22%2C%22website%22%3A%22%22%7D%2C%7B%22id%22%3A%22ee70953c-8072-490b-86da-55573b7f29fc%22%2C%22media%22%3A%5B%7B%22type%22%3A%22uploaded%22%2C%22data%22%3A%7B%22name%22%3A%22Robin10%22%2C%22url%22%3A%22https%3A%5C%2F%5C%2Fstuntmanshow.com%5C%2Fwp-content%5C%2Fuploads%5C%2F2022%5C%2F11%5C%2FRobin10.jpg%22%2C%22size%22%3A205667%2C%22type%22%3A%22image%22%2C%22extension%22%3A%22jpeg%22%2C%22width%22%3A1055%2C%22height%22%3A785%2C%22ext%22%3A%22jpeg%22%7D%7D%5D%2C%22previewPicture%22%3Anull%2C%22undefined%22%3Anull%2C%22name%22%3A%22%22%2C%22category%22%3A%22%22%2C%22description%22%3A%22%22%2C%22caption%22%3A%22%22%2C%22website%22%3A%22%22%7D%5D%2C%22categoriesEnabled%22%3Afalse%2C%22categories%22%3A%5B%7B%22value%22%3A%22%22%2C%22name%22%3A%22%20-%20None%20-%20%22%2C%22visible%22%3Afalse%7D%2C%7B%22value%22%3A%22a27e3ed0-22a7-454a-9ad5-fa4d3a3beaf2%22%2C%22name%22%3A%22On%20the%20Wave%22%2C%22undefined%22%3Anull%7D%2C%7B%22value%22%3A%224523ac15-ce7f-471b-a3a3-a3c4ac0efbb9%22%2C%22name%22%3A%22People%22%2C%22undefined%22%3Anull%7D%5D%2C%22widgetTitle%22%3A%22%22%2C%22authorWhereToDisplay%22%3A%5B%5D%2C%22authorName%22%3A%22%22%2C%22authorDescription%22%3A%22%22%2C%22authorPhoto%22%3Anull%2C%22authorEmail%22%3A%22%22%2C%22authorPhone%22%3A%22%22%2C%22authorSocial%22%3A%5B%5D%2C%22ctaWhereToDisplay%22%3A%5B%5D%2C%22ctaButtonText%22%3A%22Hire%20me%22%2C%22ctaButtonLink%22%3A%22%22%2C%22lang%22%3A%22en%22%2C%22layout%22%3A%22masonry%22%2C%22gridColumns%22%3A3%2C%22gridRows%22%3A3%2C%22gridGutter%22%3A10%2C%22gridItemAspectRatio%22%3A0.669%2C%22gridColumnsTablet%22%3A2%2C%22gridRowsTablet%22%3A2%2C%22gridColumnsMobile%22%3A1%2C%22gridRowsMobile%22%3A1%2C%22masonryColumns%22%3A3%2C%22masonryGutter%22%3A10%2C%22masonryItemsPerPage%22%3A8%2C%22masonryColumnsTablet%22%3A2%2C%22masonryColumnsMobile%22%3A1%2C%22listGutter%22%3A10%2C%22listItemsPerPage%22%3A8%2C%22listItemAspectRatio%22%3A0.333%2C%22width%22%3A%22auto%22%2C%22projectLook%22%3A%22overlay%22%2C%22projectInfoToDisplay%22%3A%5B%22name%22%2C%22caption%22%2C%22category%22%5D%2C%22projectClickAction%22%3A%22popup%22%2C%22popupInfoToDisplay%22%3A%5B%22name%22%2C%22description%22%2C%22caption%22%2C%22category%22%2C%22website%22%5D%2C%22backgroundColor%22%3A%22%22%2C%22textColor%22%3A%22rgb%2817%2C%2017%2C%2017%29%22%2C%22ctaColor%22%3A%22rgb%2828%2C%2059%2C%20255%29%22%2C%22linksColor%22%3A%22rgb%2828%2C%2059%2C%20255%29%22%2C%22projectOverlayColor%22%3A%22rgba%2817%2C%2017%2C%2017%2C%200.7%29%22%2C%22projectBackgroundColor%22%3A%22%22%2C%22projectTextColor%22%3A%22%22%2C%22popupBackgroundColor%22%3A%22rgb%28255%2C%20255%2C%20255%29%22%2C%22popupTextColor%22%3A%22rgb%2817%2C%2017%2C%2017%29%22%2C%22popupOverlayColor%22%3A%22rgba%2817%2C%2017%2C%2017%2C%200.9%29%22%2C%22popupCtaColor%22%3A%22rgb%2828%2C%2059%2C%20255%29%22%2C%22popupLinksColor%22%3A%22rgb%2828%2C%2059%2C%20255%29%22%2C%22popupTextAlignment%22%3A%22left%22%2C%22widgetId%22%3A%2235%22%7D\" \n                data-elfsight-portfolio-version=\"1.1.3\"\n                data-elfsight-widget-id=\"elfsight-portfolio-35\">\n            <\/div>\n            <\/div>\n\t\t\t\t<\/div>\n\t\t\t\t<\/div>\n\t\t\t\t<div class=\"elementor-element elementor-element-2024d600 elementor-widget elementor-widget-spacer\" data-id=\"2024d600\" data-element_type=\"widget\" data-widget_type=\"spacer.default\">\n\t\t\t\t<div class=\"elementor-widget-container\">\n\t\t\t\t\t<div class=\"elementor-spacer\">\n\t\t\t<div class=\"elementor-spacer-inner\"><\/div>\n\t\t<\/div>\n\t\t\t\t<\/div>\n\t\t\t\t<\/div>\n\t\t\t\t\t<\/div>\n\t\t<\/div>\n\t\t\t\t\t\t\t<\/div>\n\t\t<\/section>\n\t\t\t\t\t\t\t<\/div>","protected":false},"excerpt":{"rendered":"<p>ROBIN HOOD &#8211; THE MUSICAL ROBIN HOOD &#8211; THE MUSICAL From Sherwood Forest, the archer Robin Hood will have to deal with the Sheriff and the fearsome Prince John. Robin, however, will win the hearts of the neediest, but also of the splendid Lady Marian. A timeless adventure that will make the whole audience sing, [&hellip;]<\/p>","protected":false},"author":4,"featured_media":0,"parent":0,"menu_order":0,"comment_status":"closed","ping_status":"closed","template":"","meta":{"footnotes":""},"class_list":["post-1788","page","type-page","status-publish","hentry"],"_links":{"self":[{"href":"https:\/\/stuntmanshow.com\/it\/wp-json\/wp\/v2\/pages\/1788","targetHints":{"allow":["GET"]}}],"collection":[{"href":"https:\/\/stuntmanshow.com\/it\/wp-json\/wp\/v2\/pages"}],"about":[{"href":"https:\/\/stuntmanshow.com\/it\/wp-json\/wp\/v2\/types\/page"}],"author":[{"embeddable":true,"href":"https:\/\/stuntmanshow.com\/it\/wp-json\/wp\/v2\/users\/4"}],"replies":[{"embeddable":true,"href":"https:\/\/stuntmanshow.com\/it\/wp-json\/wp\/v2\/comments?post=1788"}],"version-history":[{"count":3,"href":"https:\/\/stuntmanshow.com\/it\/wp-json\/wp\/v2\/pages\/1788\/revisions"}],"predecessor-version":[{"id":2751,"href":"https:\/\/stuntmanshow.com\/it\/wp-json\/wp\/v2\/pages\/1788\/revisions\/2751"}],"wp:attachment":[{"href":"https:\/\/stuntmanshow.com\/it\/wp-json\/wp\/v2\/media?parent=1788"}],"curies":[{"name":"wp","href":"https:\/\/api.w.org\/{rel}","templated":true}]}}